{"id":801,"date":"2011-12-27T20:11:52","date_gmt":"2011-12-27T19:11:52","guid":{"rendered":"http:\/\/www.wernerdobelmannarchiv.de\/2011\/12\/27\/im-suenderhemdchen-kirchbuss-tun-das-verbrechen-des-bertram-von-knehem-im-jahre-1352\/"},"modified":"2011-12-27T20:11:52","modified_gmt":"2011-12-27T19:11:52","slug":"im-suenderhemdchen-kirchbuss-tun-das-verbrechen-des-bertram-von-knehem-im-jahre-1352","status":"publish","type":"page","link":"http:\/\/www.wernerdobelmannarchiv.de\/index.php\/im-suenderhemdchen-kirchbuss-tun-das-verbrechen-des-bertram-von-knehem-im-jahre-1352\/","title":{"rendered":"\u00bbIm S\u00fcnderhemdchen Kirchbu\u00df\u2019 tun\u00ab. Das Verbrechen des Bertram von Knehem im Jahre 1352"},"content":{"rendered":"<p>in: Heinrich B\u00f6ning, Heiko Bockstiegel (Hrsg.), Historisches aus Quakenbr\u00fcck. Von Klosterr\u00e4ubern, Br\u00fcckenbrechern und Grenzf\u00e4llen, Erfurt 2010 (posthum)<\/p>\n","protected":false},"excerpt":{"rendered":"<p>in: Heinrich B\u00f6ning, Heiko Bockstiegel (Hrsg.), Historisches aus Quakenbr\u00fcck. Von Klosterr\u00e4ubern, Br\u00fcckenbrechern und Grenzf\u00e4llen, Erfurt 2010 (posthum)<\/p>\n","protected":false},"author":1,"featured_media":0,"parent":0,"menu_order":8,"comment_status":"open","ping_status":"open","template":"","meta":{"footnotes":""},"class_list":["post-801","page","type-page","status-publish","hentry"],"_links":{"self":[{"href":"http:\/\/www.wernerdobelmannarchiv.de\/index.php\/wp-json\/wp\/v2\/pages\/801","targetHints":{"allow":["GET"]}}],"collection":[{"href":"http:\/\/www.wernerdobelmannarchiv.de\/index.php\/wp-json\/wp\/v2\/pages"}],"about":[{"href":"http:\/\/www.wernerdobelmannarchiv.de\/index.php\/wp-json\/wp\/v2\/types\/page"}],"author":[{"embeddable":true,"href":"http:\/\/www.wernerdobelmannarchiv.de\/index.php\/wp-json\/wp\/v2\/users\/1"}],"replies":[{"embeddable":true,"href":"http:\/\/www.wernerdobelmannarchiv.de\/index.php\/wp-json\/wp\/v2\/comments?post=801"}],"version-history":[{"count":0,"href":"http:\/\/www.wernerdobelmannarchiv.de\/index.php\/wp-json\/wp\/v2\/pages\/801\/revisions"}],"wp:attachment":[{"href":"http:\/\/www.wernerdobelmannarchiv.de\/index.php\/wp-json\/wp\/v2\/media?parent=801"}],"curies":[{"name":"wp","href":"https:\/\/api.w.org\/{rel}","templated":true}]}}