{"id":759,"date":"2011-12-27T18:57:42","date_gmt":"2011-12-27T17:57:42","guid":{"rendered":"http:\/\/www.wernerdobelmannarchiv.de\/2011\/12\/27\/aufsaetze-1984\/"},"modified":"2017-09-05T17:02:11","modified_gmt":"2017-09-05T15:02:11","slug":"aufsaetze-1984","status":"publish","type":"page","link":"http:\/\/www.wernerdobelmannarchiv.de\/index.php\/aufsaetze-1984\/","title":{"rendered":"Aufs\u00e4tze 1984"},"content":{"rendered":"<h1>1984<\/h1>\n<p><a href=\"http:\/\/www.wernerdobelmannarchiv.de\/index.php\/eine-menge-volcks-von-tecklenburg-weissagungen-von-1748-zum-schicksal-der-stadt-muenster\/\">\u00bbEine Menge Volcks von Tecklenburg\u00ab. Weissagungen von 1748 zum Schicksal der Stadt M\u00fcnster<\/a><\/p>\n<p><a href=\"http:\/\/www.wernerdobelmannarchiv.de\/index.php\/menschenwuerde-war-wenig-gefragt\/\">Menschenw\u00fcrde war wenig gefragt<\/a><\/p>\n<p><a href=\"http:\/\/www.wernerdobelmannarchiv.de\/index.php\/gross-und-klein-arkenstede\/\">Gro\u00df- und Klein-Arkenstede<\/a><\/p>\n<p><a href=\"http:\/\/www.wernerdobelmannarchiv.de\/index.php\/viele-thuen-eine-reise-nach-ostindien-seeleute-des-osnabruecker-nordlandes\/\">\u00bbViele thuen eine Reise nach Ostindien &#8230;\u00ab. Seeleute des Osnabr\u00fccker Nordlandes<\/a><\/p>\n<p><a href=\"http:\/\/www.wernerdobelmannarchiv.de\/index.php\/eine-muehle-in-dalvers\/\">Eine M\u00fchle in Dalvers<\/a><\/p>\n","protected":false},"excerpt":{"rendered":"<p>1984 \u00bbEine Menge Volcks von Tecklenburg\u00ab. Weissagungen von 1748 zum Schicksal der Stadt M\u00fcnster Menschenw\u00fcrde war wenig gefragt Gro\u00df- und Klein-Arkenstede \u00bbViele thuen eine Reise nach Ostindien &#8230;\u00ab. Seeleute des Osnabr\u00fccker Nordlandes Eine M\u00fchle in Dalvers<\/p>\n","protected":false},"author":1,"featured_media":0,"parent":0,"menu_order":48,"comment_status":"open","ping_status":"open","template":"","meta":{"footnotes":""},"class_list":["post-759","page","type-page","status-publish","hentry"],"_links":{"self":[{"href":"http:\/\/www.wernerdobelmannarchiv.de\/index.php\/wp-json\/wp\/v2\/pages\/759","targetHints":{"allow":["GET"]}}],"collection":[{"href":"http:\/\/www.wernerdobelmannarchiv.de\/index.php\/wp-json\/wp\/v2\/pages"}],"about":[{"href":"http:\/\/www.wernerdobelmannarchiv.de\/index.php\/wp-json\/wp\/v2\/types\/page"}],"author":[{"embeddable":true,"href":"http:\/\/www.wernerdobelmannarchiv.de\/index.php\/wp-json\/wp\/v2\/users\/1"}],"replies":[{"embeddable":true,"href":"http:\/\/www.wernerdobelmannarchiv.de\/index.php\/wp-json\/wp\/v2\/comments?post=759"}],"version-history":[{"count":1,"href":"http:\/\/www.wernerdobelmannarchiv.de\/index.php\/wp-json\/wp\/v2\/pages\/759\/revisions"}],"predecessor-version":[{"id":1306,"href":"http:\/\/www.wernerdobelmannarchiv.de\/index.php\/wp-json\/wp\/v2\/pages\/759\/revisions\/1306"}],"wp:attachment":[{"href":"http:\/\/www.wernerdobelmannarchiv.de\/index.php\/wp-json\/wp\/v2\/media?parent=759"}],"curies":[{"name":"wp","href":"https:\/\/api.w.org\/{rel}","templated":true}]}}