{"id":528,"date":"2011-12-27T12:53:25","date_gmt":"2011-12-27T11:53:25","guid":{"rendered":"http:\/\/www.wernerdobelmannarchiv.de\/2011\/12\/27\/aufsaetze-1962\/"},"modified":"2017-09-05T17:02:09","modified_gmt":"2017-09-05T15:02:09","slug":"aufsaetze-1962","status":"publish","type":"page","link":"http:\/\/www.wernerdobelmannarchiv.de\/index.php\/aufsaetze-1962\/","title":{"rendered":"Aufs\u00e4tze 1962"},"content":{"rendered":"<h1>1962<\/h1>\n<p><a href=\"http:\/\/www.wernerdobelmannarchiv.de\/index.php\/die-geschichte-der-industrie-im-kreise-bersenbrueck\/\">Die Geschichte der Industrie im Kreise Bersenbr\u00fcck<\/a><\/p>\n<p><a href=\"http:\/\/www.wernerdobelmannarchiv.de\/index.php\/auswandererschicksale\/\">Auswandererschicksale<\/a><\/p>\n<p><a href=\"http:\/\/www.wernerdobelmannarchiv.de\/index.php\/der-schultenhof-zu-ruessel\/\">Der Schultenhof zu R\u00fcssel<\/a><\/p>\n<p><a href=\"http:\/\/www.wernerdobelmannarchiv.de\/index.php\/wasser-und-feuer-im-osterbrauch\/\">Wasser und Feuer im Osterbrauch<\/a><\/p>\n<p><a href=\"http:\/\/www.wernerdobelmannarchiv.de\/index.php\/ein-raeuberhauptmann-aus-alfhausen\/\">Ein R\u00e4uberhauptmann aus Alfhausen<\/a><\/p>\n<p><a href=\"http:\/\/www.wernerdobelmannarchiv.de\/index.php\/plattduetsken-schnickschnack-heimatliche-plattdeutsche-sprichwoerter-1-55\/\">Plattd\u00fctsken Schnickschnack. Heimatliche plattdeutsche Sprichw\u00f6rter [1-55]<\/a><\/p>\n<p><a href=\"http:\/\/www.wernerdobelmannarchiv.de\/index.php\/plattduetsken-schnickschnack-heimatliche-plattdeutsche-sprichwoerter-56-90\/\">Plattd\u00fctsken Schnickschnack. Heimatliche plattdeutsche Sprichw\u00f6rter [56-90]<\/a><\/p>\n<p><a href=\"http:\/\/www.wernerdobelmannarchiv.de\/index.php\/die-ritter-von-kedinghem\/\">Die Ritter von Kedinghem<\/a><\/p>\n<p><a href=\"http:\/\/www.wernerdobelmannarchiv.de\/index.php\/erdbeben-im-osnabruecker-nordlande\/\">Erdbeben im Osnabr\u00fccker Nordlande<\/a><\/p>\n<p><a href=\"http:\/\/www.wernerdobelmannarchiv.de\/index.php\/ein-quakenbruecker-buergergeschlecht\/\">Ein Quakenbr\u00fccker B\u00fcrgergeschlecht<\/a><\/p>\n<p><a href=\"http:\/\/www.wernerdobelmannarchiv.de\/index.php\/brautgeschenke-im-osnabruecker-nordlande\/\">Brautgeschenke im Osnabr\u00fccker Nordlande<\/a><\/p>\n<p><a href=\"http:\/\/www.wernerdobelmannarchiv.de\/index.php\/allerlei-kerle\/\">Allerlei Kerle<\/a><\/p>\n<p><a href=\"http:\/\/www.wernerdobelmannarchiv.de\/index.php\/in-den-heiligen-naechten-wie-vor-2000-jahren-der-wilde-jaeger-mit-seinem-gefolge\/\">In den heiligen N\u00e4chten. Wie vor 2000 Jahren: Der wilde J\u00e4ger mit seinem Gefolge<\/a> <\/p>\n","protected":false},"excerpt":{"rendered":"<p>1962 Die Geschichte der Industrie im Kreise Bersenbr\u00fcck Auswandererschicksale Der Schultenhof zu R\u00fcssel Wasser und Feuer im Osterbrauch Ein R\u00e4uberhauptmann aus Alfhausen Plattd\u00fctsken Schnickschnack. Heimatliche plattdeutsche Sprichw\u00f6rter [1-55] Plattd\u00fctsken Schnickschnack. Heimatliche plattdeutsche Sprichw\u00f6rter [56-90] Die Ritter von Kedinghem Erdbeben im Osnabr\u00fccker Nordlande Ein Quakenbr\u00fccker B\u00fcrgergeschlecht Brautgeschenke im Osnabr\u00fccker Nordlande Allerlei Kerle In den heiligen N\u00e4chten. &hellip; <\/p>\n<p class=\"link-more\"><a href=\"http:\/\/www.wernerdobelmannarchiv.de\/index.php\/aufsaetze-1962\/\" class=\"more-link\"><span class=\"screen-reader-text\">\u201eAufs\u00e4tze 1962\u201c<\/span> weiterlesen<\/a><\/p>\n","protected":false},"author":1,"featured_media":0,"parent":0,"menu_order":269,"comment_status":"open","ping_status":"open","template":"","meta":{"footnotes":""},"class_list":["post-528","page","type-page","status-publish","hentry"],"_links":{"self":[{"href":"http:\/\/www.wernerdobelmannarchiv.de\/index.php\/wp-json\/wp\/v2\/pages\/528","targetHints":{"allow":["GET"]}}],"collection":[{"href":"http:\/\/www.wernerdobelmannarchiv.de\/index.php\/wp-json\/wp\/v2\/pages"}],"about":[{"href":"http:\/\/www.wernerdobelmannarchiv.de\/index.php\/wp-json\/wp\/v2\/types\/page"}],"author":[{"embeddable":true,"href":"http:\/\/www.wernerdobelmannarchiv.de\/index.php\/wp-json\/wp\/v2\/users\/1"}],"replies":[{"embeddable":true,"href":"http:\/\/www.wernerdobelmannarchiv.de\/index.php\/wp-json\/wp\/v2\/comments?post=528"}],"version-history":[{"count":1,"href":"http:\/\/www.wernerdobelmannarchiv.de\/index.php\/wp-json\/wp\/v2\/pages\/528\/revisions"}],"predecessor-version":[{"id":1279,"href":"http:\/\/www.wernerdobelmannarchiv.de\/index.php\/wp-json\/wp\/v2\/pages\/528\/revisions\/1279"}],"wp:attachment":[{"href":"http:\/\/www.wernerdobelmannarchiv.de\/index.php\/wp-json\/wp\/v2\/media?parent=528"}],"curies":[{"name":"wp","href":"https:\/\/api.w.org\/{rel}","templated":true}]}}