{"id":282,"date":"2011-12-24T12:45:52","date_gmt":"2011-12-24T11:45:52","guid":{"rendered":"http:\/\/www.wernerdobelmannarchiv.de\/2011\/12\/24\/die-ewige-spinnerin\/"},"modified":"2017-09-11T14:42:19","modified_gmt":"2017-09-11T12:42:19","slug":"die-ewige-spinnerin","status":"publish","type":"page","link":"http:\/\/www.wernerdobelmannarchiv.de\/index.php\/die-ewige-spinnerin\/","title":{"rendered":"Die ewige Spinnerin"},"content":{"rendered":"<p>in: Wulf Wallrabenstein (Bearb.), Aus dem Sagenschatz des Altkreises Bersenbr\u00fcck, 2. Auflage Quakenbr\u00fcck 1984 (1. Auflage 1955), p. 49<\/p>\n<p>wiederabgedruckt in: 800 Jahre Kettenkamp 1188-1988, Kettenkamp 1988, p. 168<\/p>\n<p style=\"text-align: right;\"><a href=\"http:\/\/www.wernerdobelmannarchiv.de\/index.php\/sagenkreis-1955\/\">zur\u00fcck<\/a><\/p>\n","protected":false},"excerpt":{"rendered":"<p>in: Wulf Wallrabenstein (Bearb.), Aus dem Sagenschatz des Altkreises Bersenbr\u00fcck, 2. Auflage Quakenbr\u00fcck 1984 (1. Auflage 1955), p. 49 wiederabgedruckt in: 800 Jahre Kettenkamp 1188-1988, Kettenkamp 1988, p. 168 zur\u00fcck<\/p>\n","protected":false},"author":1,"featured_media":0,"parent":0,"menu_order":24,"comment_status":"open","ping_status":"open","template":"","meta":{"footnotes":""},"class_list":["post-282","page","type-page","status-publish","hentry"],"_links":{"self":[{"href":"http:\/\/www.wernerdobelmannarchiv.de\/index.php\/wp-json\/wp\/v2\/pages\/282","targetHints":{"allow":["GET"]}}],"collection":[{"href":"http:\/\/www.wernerdobelmannarchiv.de\/index.php\/wp-json\/wp\/v2\/pages"}],"about":[{"href":"http:\/\/www.wernerdobelmannarchiv.de\/index.php\/wp-json\/wp\/v2\/types\/page"}],"author":[{"embeddable":true,"href":"http:\/\/www.wernerdobelmannarchiv.de\/index.php\/wp-json\/wp\/v2\/users\/1"}],"replies":[{"embeddable":true,"href":"http:\/\/www.wernerdobelmannarchiv.de\/index.php\/wp-json\/wp\/v2\/comments?post=282"}],"version-history":[{"count":2,"href":"http:\/\/www.wernerdobelmannarchiv.de\/index.php\/wp-json\/wp\/v2\/pages\/282\/revisions"}],"predecessor-version":[{"id":1769,"href":"http:\/\/www.wernerdobelmannarchiv.de\/index.php\/wp-json\/wp\/v2\/pages\/282\/revisions\/1769"}],"wp:attachment":[{"href":"http:\/\/www.wernerdobelmannarchiv.de\/index.php\/wp-json\/wp\/v2\/media?parent=282"}],"curies":[{"name":"wp","href":"https:\/\/api.w.org\/{rel}","templated":true}]}}