{"id":269,"date":"2011-12-24T12:23:28","date_gmt":"2011-12-24T11:23:28","guid":{"rendered":"http:\/\/www.wernerdobelmannarchiv.de\/2011\/12\/24\/das-wohlder-licht\/"},"modified":"2017-09-05T17:01:59","modified_gmt":"2017-09-05T15:01:59","slug":"das-wohlder-licht","status":"publish","type":"page","link":"http:\/\/www.wernerdobelmannarchiv.de\/index.php\/das-wohlder-licht\/","title":{"rendered":"Das Wohlder Licht"},"content":{"rendered":"<p>in: Heimat-Kalender f\u00fcr den Kreis Bersenbr\u00fcck (Artl\u00e4nder Haus- und Taschen-Kalender) (1956), pp. 105-108<\/p>\n<p>wiederabgedruckt in: Heinrich B\u00f6ning, Heiko Bockstiegel (Hrsg.), Historisches aus Quakenbr\u00fcck. Von Klosterr\u00e4ubern, Br\u00fcckenbrechern und Grenzf\u00e4llen, Erfurt 2010, pp. 55f.<\/p>\n<p style=\"text-align: right;\"><a href=\"http:\/\/www.wernerdobelmannarchiv.de\/index.php\/lyrik-a-belletristik-1956\/\">zur\u00fcck<\/a><\/p>\n","protected":false},"excerpt":{"rendered":"<p>in: Heimat-Kalender f\u00fcr den Kreis Bersenbr\u00fcck (Artl\u00e4nder Haus- und Taschen-Kalender) (1956), pp. 105-108 wiederabgedruckt in: Heinrich B\u00f6ning, Heiko Bockstiegel (Hrsg.), Historisches aus Quakenbr\u00fcck. Von Klosterr\u00e4ubern, Br\u00fcckenbrechern und Grenzf\u00e4llen, Erfurt 2010, pp. 55f. zur\u00fcck<\/p>\n","protected":false},"author":1,"featured_media":0,"parent":0,"menu_order":122,"comment_status":"open","ping_status":"open","template":"","meta":{"footnotes":""},"class_list":["post-269","page","type-page","status-publish","hentry"],"_links":{"self":[{"href":"http:\/\/www.wernerdobelmannarchiv.de\/index.php\/wp-json\/wp\/v2\/pages\/269","targetHints":{"allow":["GET"]}}],"collection":[{"href":"http:\/\/www.wernerdobelmannarchiv.de\/index.php\/wp-json\/wp\/v2\/pages"}],"about":[{"href":"http:\/\/www.wernerdobelmannarchiv.de\/index.php\/wp-json\/wp\/v2\/types\/page"}],"author":[{"embeddable":true,"href":"http:\/\/www.wernerdobelmannarchiv.de\/index.php\/wp-json\/wp\/v2\/users\/1"}],"replies":[{"embeddable":true,"href":"http:\/\/www.wernerdobelmannarchiv.de\/index.php\/wp-json\/wp\/v2\/comments?post=269"}],"version-history":[{"count":1,"href":"http:\/\/www.wernerdobelmannarchiv.de\/index.php\/wp-json\/wp\/v2\/pages\/269\/revisions"}],"predecessor-version":[{"id":1052,"href":"http:\/\/www.wernerdobelmannarchiv.de\/index.php\/wp-json\/wp\/v2\/pages\/269\/revisions\/1052"}],"wp:attachment":[{"href":"http:\/\/www.wernerdobelmannarchiv.de\/index.php\/wp-json\/wp\/v2\/media?parent=269"}],"curies":[{"name":"wp","href":"https:\/\/api.w.org\/{rel}","templated":true}]}}