{"id":267,"date":"2011-12-24T12:21:41","date_gmt":"2011-12-24T11:21:41","guid":{"rendered":"http:\/\/www.wernerdobelmannarchiv.de\/2011\/12\/24\/die-alte-truhe\/"},"modified":"2017-09-05T17:01:59","modified_gmt":"2017-09-05T15:01:59","slug":"die-alte-truhe","status":"publish","type":"page","link":"http:\/\/www.wernerdobelmannarchiv.de\/index.php\/die-alte-truhe\/","title":{"rendered":"Die alte Truhe"},"content":{"rendered":"<p>in: Heimat-Kalender f\u00fcr den Kreis Bersenbr\u00fcck (Artl\u00e4nder Haus- und Taschen-Kalender) (1954), pp. 102f.<\/p>\n<p style=\"text-align: right;\"><a href=\"http:\/\/www.wernerdobelmannarchiv.de\/index.php\/lyrik-a-belletristik-1956\/\">zur\u00fcck<\/a><\/p>\n","protected":false},"excerpt":{"rendered":"<p>in: Heimat-Kalender f\u00fcr den Kreis Bersenbr\u00fcck (Artl\u00e4nder Haus- und Taschen-Kalender) (1954), pp. 102f. zur\u00fcck<\/p>\n","protected":false},"author":1,"featured_media":0,"parent":0,"menu_order":124,"comment_status":"open","ping_status":"open","template":"","meta":{"footnotes":""},"class_list":["post-267","page","type-page","status-publish","hentry"],"_links":{"self":[{"href":"http:\/\/www.wernerdobelmannarchiv.de\/index.php\/wp-json\/wp\/v2\/pages\/267","targetHints":{"allow":["GET"]}}],"collection":[{"href":"http:\/\/www.wernerdobelmannarchiv.de\/index.php\/wp-json\/wp\/v2\/pages"}],"about":[{"href":"http:\/\/www.wernerdobelmannarchiv.de\/index.php\/wp-json\/wp\/v2\/types\/page"}],"author":[{"embeddable":true,"href":"http:\/\/www.wernerdobelmannarchiv.de\/index.php\/wp-json\/wp\/v2\/users\/1"}],"replies":[{"embeddable":true,"href":"http:\/\/www.wernerdobelmannarchiv.de\/index.php\/wp-json\/wp\/v2\/comments?post=267"}],"version-history":[{"count":1,"href":"http:\/\/www.wernerdobelmannarchiv.de\/index.php\/wp-json\/wp\/v2\/pages\/267\/revisions"}],"predecessor-version":[{"id":1050,"href":"http:\/\/www.wernerdobelmannarchiv.de\/index.php\/wp-json\/wp\/v2\/pages\/267\/revisions\/1050"}],"wp:attachment":[{"href":"http:\/\/www.wernerdobelmannarchiv.de\/index.php\/wp-json\/wp\/v2\/media?parent=267"}],"curies":[{"name":"wp","href":"https:\/\/api.w.org\/{rel}","templated":true}]}}