{"id":256,"date":"2011-12-24T12:07:32","date_gmt":"2011-12-24T11:07:32","guid":{"rendered":"http:\/\/www.wernerdobelmannarchiv.de\/2011\/12\/24\/lyrik-a-belletristik-1955\/"},"modified":"2017-09-07T20:49:09","modified_gmt":"2017-09-07T18:49:09","slug":"lyrik-a-belletristik-1955","status":"publish","type":"page","link":"http:\/\/www.wernerdobelmannarchiv.de\/index.php\/lyrik-a-belletristik-1955\/","title":{"rendered":"Lyrik &#038; Belletristik 1955"},"content":{"rendered":"<h1>1954<\/h1>\n<p><a href=\"http:\/\/www.wernerdobelmannarchiv.de\/index.php\/der-hof-im-moor\/\">Der Hof im Moor<\/a><\/p>\n<p><a href=\"http:\/\/www.wernerdobelmannarchiv.de\/index.php\/die-heimkehr-1648\/\">Die Heimkehr (1648)<\/a><\/p>\n<p><a href=\"http:\/\/www.wernerdobelmannarchiv.de\/index.php\/opfergang-eine-erzaehlung-aus-der-zeit-des-30jaehrigen-krieges\/\">Opfergang. Eine Erz\u00e4hlung aus der Zeit des 30j\u00e4hrigen Krieges<\/a><\/p>\n<p><a href=\"http:\/\/www.wernerdobelmannarchiv.de\/index.php\/grossstaedters-heimweh\/\">Gro\u00dfst\u00e4dters Heimweh<\/a><\/p>\n<p><a href=\"http:\/\/www.wernerdobelmannarchiv.de\/index.php\/jan-brink\/\">Jan Brink<\/a><\/p>\n<p><a href=\"http:\/\/www.wernerdobelmannarchiv.de\/index.php\/ankum\/\">Ankum<\/a><\/p>\n<p><a href=\"http:\/\/www.wernerdobelmannarchiv.de\/index.php\/der-tod-griff-nach-bramsche-ein-bild-aus-der-pestzeit\/\">Der Tod griff nach Bramsche. Ein Bild aus der Pestzeit<\/a><\/p>\n<p><a href=\"http:\/\/www.wernerdobelmannarchiv.de\/index.php\/weihnachtliche-gedanken\/\">Weihnachtliche Gedanken<\/a><\/p>\n<p><a href=\"http:\/\/www.wernerdobelmannarchiv.de\/index.php\/traeumt-ich-immer-noch-mein-maerchen\/\">Tr\u00e4umt ich immer noch mein M\u00e4rchen?<\/a><\/p>\n<p style=\"text-align: right;\">zur\u00fcck<\/p>\n","protected":false},"excerpt":{"rendered":"<p>1954 Der Hof im Moor Die Heimkehr (1648) Opfergang. Eine Erz\u00e4hlung aus der Zeit des 30j\u00e4hrigen Krieges Gro\u00dfst\u00e4dters Heimweh Jan Brink Ankum Der Tod griff nach Bramsche. Ein Bild aus der Pestzeit Weihnachtliche Gedanken Tr\u00e4umt ich immer noch mein M\u00e4rchen? zur\u00fcck<\/p>\n","protected":false},"author":1,"featured_media":0,"parent":0,"menu_order":135,"comment_status":"open","ping_status":"open","template":"","meta":{"footnotes":""},"class_list":["post-256","page","type-page","status-publish","hentry"],"_links":{"self":[{"href":"http:\/\/www.wernerdobelmannarchiv.de\/index.php\/wp-json\/wp\/v2\/pages\/256","targetHints":{"allow":["GET"]}}],"collection":[{"href":"http:\/\/www.wernerdobelmannarchiv.de\/index.php\/wp-json\/wp\/v2\/pages"}],"about":[{"href":"http:\/\/www.wernerdobelmannarchiv.de\/index.php\/wp-json\/wp\/v2\/types\/page"}],"author":[{"embeddable":true,"href":"http:\/\/www.wernerdobelmannarchiv.de\/index.php\/wp-json\/wp\/v2\/users\/1"}],"replies":[{"embeddable":true,"href":"http:\/\/www.wernerdobelmannarchiv.de\/index.php\/wp-json\/wp\/v2\/comments?post=256"}],"version-history":[{"count":2,"href":"http:\/\/www.wernerdobelmannarchiv.de\/index.php\/wp-json\/wp\/v2\/pages\/256\/revisions"}],"predecessor-version":[{"id":1707,"href":"http:\/\/www.wernerdobelmannarchiv.de\/index.php\/wp-json\/wp\/v2\/pages\/256\/revisions\/1707"}],"wp:attachment":[{"href":"http:\/\/www.wernerdobelmannarchiv.de\/index.php\/wp-json\/wp\/v2\/media?parent=256"}],"curies":[{"name":"wp","href":"https:\/\/api.w.org\/{rel}","templated":true}]}}