{"id":219,"date":"2011-12-23T22:47:00","date_gmt":"2011-12-23T21:47:00","guid":{"rendered":"http:\/\/www.wernerdobelmannarchiv.de\/2011\/12\/23\/geschichte-und-entwicklung-des-osnabruecker-nordlandes\/"},"modified":"2017-09-07T20:49:10","modified_gmt":"2017-09-07T18:49:10","slug":"geschichte-und-entwicklung-des-osnabruecker-nordlandes","status":"publish","type":"page","link":"http:\/\/www.wernerdobelmannarchiv.de\/index.php\/geschichte-und-entwicklung-des-osnabruecker-nordlandes\/","title":{"rendered":"Geschichte und Entwicklung des Osnabr\u00fccker Nordlandes"},"content":{"rendered":"<p>Der Altkreis Bersenbr\u00fcck; 3; Heimat gestern und heute. Mitteilungen des Kreisheimatbundes Bersenbr\u00fcck; 22, Quakenbr\u00fcck 1979<\/p>\n<p style=\"text-align: right;\">zur\u00fcck<\/p>\n","protected":false},"excerpt":{"rendered":"<p>Der Altkreis Bersenbr\u00fcck; 3; Heimat gestern und heute. Mitteilungen des Kreisheimatbundes Bersenbr\u00fcck; 22, Quakenbr\u00fcck 1979 zur\u00fcck<\/p>\n","protected":false},"author":1,"featured_media":0,"parent":0,"menu_order":10,"comment_status":"open","ping_status":"open","template":"","meta":{"footnotes":""},"class_list":["post-219","page","type-page","status-publish","hentry"],"_links":{"self":[{"href":"http:\/\/www.wernerdobelmannarchiv.de\/index.php\/wp-json\/wp\/v2\/pages\/219","targetHints":{"allow":["GET"]}}],"collection":[{"href":"http:\/\/www.wernerdobelmannarchiv.de\/index.php\/wp-json\/wp\/v2\/pages"}],"about":[{"href":"http:\/\/www.wernerdobelmannarchiv.de\/index.php\/wp-json\/wp\/v2\/types\/page"}],"author":[{"embeddable":true,"href":"http:\/\/www.wernerdobelmannarchiv.de\/index.php\/wp-json\/wp\/v2\/users\/1"}],"replies":[{"embeddable":true,"href":"http:\/\/www.wernerdobelmannarchiv.de\/index.php\/wp-json\/wp\/v2\/comments?post=219"}],"version-history":[{"count":2,"href":"http:\/\/www.wernerdobelmannarchiv.de\/index.php\/wp-json\/wp\/v2\/pages\/219\/revisions"}],"predecessor-version":[{"id":1746,"href":"http:\/\/www.wernerdobelmannarchiv.de\/index.php\/wp-json\/wp\/v2\/pages\/219\/revisions\/1746"}],"wp:attachment":[{"href":"http:\/\/www.wernerdobelmannarchiv.de\/index.php\/wp-json\/wp\/v2\/media?parent=219"}],"curies":[{"name":"wp","href":"https:\/\/api.w.org\/{rel}","templated":true}]}}