{"id":208,"date":"2011-12-23T22:34:45","date_gmt":"2011-12-23T21:34:45","guid":{"rendered":"http:\/\/www.wernerdobelmannarchiv.de\/2011\/12\/23\/ein-altes-heuerlingsgeschlecht\/"},"modified":"2017-09-07T20:49:10","modified_gmt":"2017-09-07T18:49:10","slug":"ein-altes-heuerlingsgeschlecht","status":"publish","type":"page","link":"http:\/\/www.wernerdobelmannarchiv.de\/index.php\/ein-altes-heuerlingsgeschlecht\/","title":{"rendered":"Ein altes Heuerlingsgeschlecht"},"content":{"rendered":"<p>Heimat gestern und heute. Mitteilungen des Kreisheimatbundes Bersenbr\u00fcck; 11, Quakenbr\u00fcck 1963<\/p>\n<p style=\"text-align: right;\">zur\u00fcck<\/p>\n","protected":false},"excerpt":{"rendered":"<p>Heimat gestern und heute. Mitteilungen des Kreisheimatbundes Bersenbr\u00fcck; 11, Quakenbr\u00fcck 1963 zur\u00fcck<\/p>\n","protected":false},"author":1,"featured_media":0,"parent":0,"menu_order":21,"comment_status":"open","ping_status":"open","template":"","meta":{"footnotes":""},"class_list":["post-208","page","type-page","status-publish","hentry"],"_links":{"self":[{"href":"http:\/\/www.wernerdobelmannarchiv.de\/index.php\/wp-json\/wp\/v2\/pages\/208","targetHints":{"allow":["GET"]}}],"collection":[{"href":"http:\/\/www.wernerdobelmannarchiv.de\/index.php\/wp-json\/wp\/v2\/pages"}],"about":[{"href":"http:\/\/www.wernerdobelmannarchiv.de\/index.php\/wp-json\/wp\/v2\/types\/page"}],"author":[{"embeddable":true,"href":"http:\/\/www.wernerdobelmannarchiv.de\/index.php\/wp-json\/wp\/v2\/users\/1"}],"replies":[{"embeddable":true,"href":"http:\/\/www.wernerdobelmannarchiv.de\/index.php\/wp-json\/wp\/v2\/comments?post=208"}],"version-history":[{"count":2,"href":"http:\/\/www.wernerdobelmannarchiv.de\/index.php\/wp-json\/wp\/v2\/pages\/208\/revisions"}],"predecessor-version":[{"id":1735,"href":"http:\/\/www.wernerdobelmannarchiv.de\/index.php\/wp-json\/wp\/v2\/pages\/208\/revisions\/1735"}],"wp:attachment":[{"href":"http:\/\/www.wernerdobelmannarchiv.de\/index.php\/wp-json\/wp\/v2\/media?parent=208"}],"curies":[{"name":"wp","href":"https:\/\/api.w.org\/{rel}","templated":true}]}}