{"id":207,"date":"2011-12-23T22:33:33","date_gmt":"2011-12-23T21:33:33","guid":{"rendered":"http:\/\/www.wernerdobelmannarchiv.de\/2011\/12\/23\/lebensbilder-aus-dem-osnabruecker-nordland\/"},"modified":"2017-09-07T20:49:10","modified_gmt":"2017-09-07T18:49:10","slug":"lebensbilder-aus-dem-osnabruecker-nordland","status":"publish","type":"page","link":"http:\/\/www.wernerdobelmannarchiv.de\/index.php\/lebensbilder-aus-dem-osnabruecker-nordland\/","title":{"rendered":"Lebensbilder aus dem Osnabr\u00fccker Nordland"},"content":{"rendered":"<p>Schriftenreihe des Kreisheimatbundes Bersenbr\u00fcck; 8, Quakenbr\u00fcck 1962<\/p>\n<p style=\"text-align: right;\">zur\u00fcck<\/p>\n","protected":false},"excerpt":{"rendered":"<p>Schriftenreihe des Kreisheimatbundes Bersenbr\u00fcck; 8, Quakenbr\u00fcck 1962 zur\u00fcck<\/p>\n","protected":false},"author":1,"featured_media":0,"parent":0,"menu_order":22,"comment_status":"open","ping_status":"open","template":"","meta":{"footnotes":""},"class_list":["post-207","page","type-page","status-publish","hentry"],"_links":{"self":[{"href":"http:\/\/www.wernerdobelmannarchiv.de\/index.php\/wp-json\/wp\/v2\/pages\/207","targetHints":{"allow":["GET"]}}],"collection":[{"href":"http:\/\/www.wernerdobelmannarchiv.de\/index.php\/wp-json\/wp\/v2\/pages"}],"about":[{"href":"http:\/\/www.wernerdobelmannarchiv.de\/index.php\/wp-json\/wp\/v2\/types\/page"}],"author":[{"embeddable":true,"href":"http:\/\/www.wernerdobelmannarchiv.de\/index.php\/wp-json\/wp\/v2\/users\/1"}],"replies":[{"embeddable":true,"href":"http:\/\/www.wernerdobelmannarchiv.de\/index.php\/wp-json\/wp\/v2\/comments?post=207"}],"version-history":[{"count":2,"href":"http:\/\/www.wernerdobelmannarchiv.de\/index.php\/wp-json\/wp\/v2\/pages\/207\/revisions"}],"predecessor-version":[{"id":1734,"href":"http:\/\/www.wernerdobelmannarchiv.de\/index.php\/wp-json\/wp\/v2\/pages\/207\/revisions\/1734"}],"wp:attachment":[{"href":"http:\/\/www.wernerdobelmannarchiv.de\/index.php\/wp-json\/wp\/v2\/media?parent=207"}],"curies":[{"name":"wp","href":"https:\/\/api.w.org\/{rel}","templated":true}]}}