{"id":206,"date":"2011-12-23T22:32:30","date_gmt":"2011-12-23T21:32:30","guid":{"rendered":"http:\/\/www.wernerdobelmannarchiv.de\/2011\/12\/23\/die-freiwillige-feuerwehr-in-nortrup-eine-festschrift-zum-75jaehrigen-jubilaeum-im-jahr-1960\/"},"modified":"2017-09-07T20:49:10","modified_gmt":"2017-09-07T18:49:10","slug":"die-freiwillige-feuerwehr-in-nortrup-eine-festschrift-zum-75jaehrigen-jubilaeum-im-jahr-1960","status":"publish","type":"page","link":"http:\/\/www.wernerdobelmannarchiv.de\/index.php\/die-freiwillige-feuerwehr-in-nortrup-eine-festschrift-zum-75jaehrigen-jubilaeum-im-jahr-1960\/","title":{"rendered":"Die Freiwillige Feuerwehr in Nortrup. Eine Festschrift zum 75j\u00e4hrigen Jubil\u00e4um im Jahr 1960"},"content":{"rendered":"<p>Quakenbr\u00fcck 1960<\/p>\n<p style=\"text-align: right;\">zur\u00fcck<\/p>\n","protected":false},"excerpt":{"rendered":"<p>Quakenbr\u00fcck 1960 zur\u00fcck<\/p>\n","protected":false},"author":1,"featured_media":0,"parent":0,"menu_order":23,"comment_status":"open","ping_status":"open","template":"","meta":{"footnotes":""},"class_list":["post-206","page","type-page","status-publish","hentry"],"_links":{"self":[{"href":"http:\/\/www.wernerdobelmannarchiv.de\/index.php\/wp-json\/wp\/v2\/pages\/206","targetHints":{"allow":["GET"]}}],"collection":[{"href":"http:\/\/www.wernerdobelmannarchiv.de\/index.php\/wp-json\/wp\/v2\/pages"}],"about":[{"href":"http:\/\/www.wernerdobelmannarchiv.de\/index.php\/wp-json\/wp\/v2\/types\/page"}],"author":[{"embeddable":true,"href":"http:\/\/www.wernerdobelmannarchiv.de\/index.php\/wp-json\/wp\/v2\/users\/1"}],"replies":[{"embeddable":true,"href":"http:\/\/www.wernerdobelmannarchiv.de\/index.php\/wp-json\/wp\/v2\/comments?post=206"}],"version-history":[{"count":2,"href":"http:\/\/www.wernerdobelmannarchiv.de\/index.php\/wp-json\/wp\/v2\/pages\/206\/revisions"}],"predecessor-version":[{"id":1733,"href":"http:\/\/www.wernerdobelmannarchiv.de\/index.php\/wp-json\/wp\/v2\/pages\/206\/revisions\/1733"}],"wp:attachment":[{"href":"http:\/\/www.wernerdobelmannarchiv.de\/index.php\/wp-json\/wp\/v2\/media?parent=206"}],"curies":[{"name":"wp","href":"https:\/\/api.w.org\/{rel}","templated":true}]}}