{"id":203,"date":"2011-12-23T22:28:34","date_gmt":"2011-12-23T21:28:34","guid":{"rendered":"http:\/\/www.wernerdobelmannarchiv.de\/2011\/12\/23\/das-buch-vom-kreise-bersenbrueck-eine-heimatkunde-fuer-schule-und-haus\/"},"modified":"2017-09-07T20:49:10","modified_gmt":"2017-09-07T18:49:10","slug":"das-buch-vom-kreise-bersenbrueck-eine-heimatkunde-fuer-schule-und-haus","status":"publish","type":"page","link":"http:\/\/www.wernerdobelmannarchiv.de\/index.php\/das-buch-vom-kreise-bersenbrueck-eine-heimatkunde-fuer-schule-und-haus\/","title":{"rendered":"Das Buch vom Kreise Bersenbr\u00fcck. Eine Heimatkunde f\u00fcr Schule und Haus"},"content":{"rendered":"<p>Quakenbr\u00fcck 1953<\/p>\n<p style=\"text-align: right;\">zur\u00fcck<\/p>\n","protected":false},"excerpt":{"rendered":"<p>Quakenbr\u00fcck 1953 zur\u00fcck<\/p>\n","protected":false},"author":1,"featured_media":0,"parent":0,"menu_order":26,"comment_status":"open","ping_status":"open","template":"","meta":{"footnotes":""},"class_list":["post-203","page","type-page","status-publish","hentry"],"_links":{"self":[{"href":"http:\/\/www.wernerdobelmannarchiv.de\/index.php\/wp-json\/wp\/v2\/pages\/203","targetHints":{"allow":["GET"]}}],"collection":[{"href":"http:\/\/www.wernerdobelmannarchiv.de\/index.php\/wp-json\/wp\/v2\/pages"}],"about":[{"href":"http:\/\/www.wernerdobelmannarchiv.de\/index.php\/wp-json\/wp\/v2\/types\/page"}],"author":[{"embeddable":true,"href":"http:\/\/www.wernerdobelmannarchiv.de\/index.php\/wp-json\/wp\/v2\/users\/1"}],"replies":[{"embeddable":true,"href":"http:\/\/www.wernerdobelmannarchiv.de\/index.php\/wp-json\/wp\/v2\/comments?post=203"}],"version-history":[{"count":2,"href":"http:\/\/www.wernerdobelmannarchiv.de\/index.php\/wp-json\/wp\/v2\/pages\/203\/revisions"}],"predecessor-version":[{"id":1730,"href":"http:\/\/www.wernerdobelmannarchiv.de\/index.php\/wp-json\/wp\/v2\/pages\/203\/revisions\/1730"}],"wp:attachment":[{"href":"http:\/\/www.wernerdobelmannarchiv.de\/index.php\/wp-json\/wp\/v2\/media?parent=203"}],"curies":[{"name":"wp","href":"https:\/\/api.w.org\/{rel}","templated":true}]}}