{"id":12,"date":"2011-12-09T19:50:16","date_gmt":"2011-12-09T18:50:16","guid":{"rendered":"http:\/\/www.wernerdobelmannarchiv.de\/2011\/12\/09\/monographien1\/"},"modified":"2017-09-07T20:47:36","modified_gmt":"2017-09-07T18:47:36","slug":"monographien1","status":"publish","type":"page","link":"http:\/\/www.wernerdobelmannarchiv.de\/index.php\/monographien1\/","title":{"rendered":"Monographien"},"content":{"rendered":"<h1>1953<\/h1>\n<p><a href=\"http:\/\/www.wernerdobelmannarchiv.de\/index.php\/das-buch-vom-kreise-bersenbrueck-eine-heimatkunde-fuer-schule-und-haus\/\">Das Buch vom Kreise Bersenbr\u00fcck. Eine Heimatkunde f\u00fcr Schule und Haus<\/a><\/p>\n<h1>1954\/55<\/h1>\n<p><a href=\"http:\/\/www.wernerdobelmannarchiv.de\/index.php\/betriebswirtschaftliche-und-steuerliche-besonderheiten-bei-konditoreien\/\">Betriebswirtschaftliche und steuerliche Besonderheiten bei Konditoreien<\/a><\/p>\n<h1>1956<\/h1>\n<p><a href=\"http:\/\/www.wernerdobelmannarchiv.de\/index.php\/fuehrer-durch-den-kreis-bersenbrueck\/\">F\u00fchrer durch den Kreis Bersenbr\u00fcck<\/a><\/p>\n<h1>1960<\/h1>\n<p><a href=\"http:\/\/www.wernerdobelmannarchiv.de\/index.php\/die-freiwillige-feuerwehr-in-nortrup-eine-festschrift-zum-75jaehrigen-jubilaeum-im-jahr-1960\/\">Die Freiwillige Feuerwehr in Nortrup. Eine Festschrift zum 75j\u00e4hrigen Jubil\u00e4um im Jahr 1960<\/a><\/p>\n<h1>1962<\/h1>\n<p><a href=\"http:\/\/www.wernerdobelmannarchiv.de\/index.php\/lebensbilder-aus-dem-osnabruecker-nordland\/\">Lebensbilder aus dem Osnabr\u00fccker Nordland<\/a><\/p>\n<h1>1963<\/h1>\n<p><a href=\"http:\/\/www.wernerdobelmannarchiv.de\/index.php\/ein-altes-heuerlingsgeschlecht\/\">Ein altes Heuerlingsgeschlecht<\/a><\/p>\n<h1>1964<\/h1>\n<p><a href=\"http:\/\/www.wernerdobelmannarchiv.de\/index.php\/vergilbte-blaetter-aus-bramsches-vergangenheit\/\">Vergilbte Bl\u00e4tter. Aus Bramsches Vergangenheit<\/a><\/p>\n<h1>1965<\/h1>\n<p><a href=\"http:\/\/www.wernerdobelmannarchiv.de\/index.php\/das-kirchspiel-neuenkirchen-im-huelsen\/\">Das Kirchspiel Neuenkirchen im H\u00fclsen<\/a><\/p>\n<h1>1969<\/h1>\n<p><a href=\"http:\/\/www.wernerdobelmannarchiv.de\/index.php\/800-jahre-nortrup-1169-1969\/\">800 Jahre Nortrup 1169-1969<\/a><\/p>\n<h1>1971<\/h1>\n<p><a href=\"http:\/\/www.wernerdobelmannarchiv.de\/index.php\/kirchspiel-und-stift-st-mauritz-in-muenster-ursprung-und-werdegang-eines-stadtviertels-und-seines-vorlandes\/\">Kirchspiel und Stift St. Mauritz in M\u00fcnster. Ursprung und Werdegang eines Stadtviertels und seines Vorlandes<\/a><\/p>\n<p><a href=\"http:\/\/www.wernerdobelmannarchiv.de\/index.php\/150-jahre-schuetzenverein-werse-von-1821-geschichte-der-bauernschaft-werse-und-beitraege-zur-vereinschronik\/\">150 Jahre Sch\u00fctzenverein Werse von 1821. Geschichte der Bauernschaft Werse und Beitr\u00e4ge zur Vereinschronik<\/a><\/p>\n<h1>1974<\/h1>\n<p><a href=\"http:\/\/www.wernerdobelmannarchiv.de\/index.php\/amelsbuerener-chronik-geschichte-einer-laendlichen-gemeinde\/\">Amelsb\u00fcrener Chronik. Geschichte einer l\u00e4ndlichen Gemeinde<\/a><\/p>\n<p><a href=\"http:\/\/www.wernerdobelmannarchiv.de\/index.php\/angelmodde-geschichte-einer-stadtrandgemeinde\/\">Angelmodde. Geschichte einer Stadtrandgemeinde<\/a><\/p>\n<p><a href=\"http:\/\/www.wernerdobelmannarchiv.de\/index.php\/handorf-gestern-und-heute-geschichte-einer-doerflichen-siedlung\/\">Handorf gestern und heute. Geschichte einer d\u00f6rflichen Siedlung<\/a><\/p>\n<p><a href=\"http:\/\/www.wernerdobelmannarchiv.de\/index.php\/hiltrup\/\">Hiltrup<\/a><\/p>\n<p><a href=\"http:\/\/www.wernerdobelmannarchiv.de\/index.php\/schuetzenbruderschaft-stift-st-mauritz-von-1624-1974\/\">Sch\u00fctzenbruderschaft Stift St. Mauritz von 1624 &#8211; 1974<\/a><\/p>\n<h1>1976<\/h1>\n<p style=\"text-align: left;\"><a href=\"http:\/\/www.wernerdobelmannarchiv.de\/index.php\/albersloh-geschichte-einer-landgemeinde\/\">Albersloh. Geschichte einer Landgemeinde<\/a><\/p>\n<h1 style=\"text-align: left;\">1979<\/h1>\n<p style=\"text-align: left;\"><a href=\"http:\/\/www.wernerdobelmannarchiv.de\/index.php\/geschichte-und-entwicklung-des-osnabruecker-nordlandes\/\">Geschichte und Entwicklung des Osnabr\u00fccker Nordlandes<\/a><\/p>\n<h1 style=\"text-align: left;\">1980<\/h1>\n<p style=\"text-align: left;\"><a href=\"http:\/\/www.wernerdobelmannarchiv.de\/index.php\/muehlen-des-osnabruecker-nordlandes-von-wasser-und-windmuehlen-von-ross-und-handmuehlen\/\">M\u00fchlen des Osnabr\u00fccker Nordlandes. Von Wasser- und Windm\u00fchlen, von Ro\u00df- und Handm\u00fchlen<\/a><\/p>\n<h1 style=\"text-align: left;\">1981<\/h1>\n<p><a href=\"http:\/\/www.wernerdobelmannarchiv.de\/index.php\/berge-geschichte-einer-landgemeinde\/\">Berge. Geschichte einer Landgemeinde<\/a><\/p>\n<h1 style=\"text-align: left;\">1986<\/h1>\n<p style=\"text-align: left;\"><a href=\"http:\/\/www.wernerdobelmannarchiv.de\/index.php\/mit-franz-buitmann-bearb-schulgeschichte-des-osnabruecker-nordlandes-1-entwicklung-bis-zu-den-schulreformen-mitte-des-20-jahrhunderts\/\">mit Franz Buitmann (Bearb.), Schulgeschichte des Osnabr\u00fccker Nordlandes; 1. Entwicklung bis zu den Schulreformen Mitte des 20. Jahrhunderts<\/a> (posthum)<\/p>\n","protected":false},"excerpt":{"rendered":"<p>1953 Das Buch vom Kreise Bersenbr\u00fcck. Eine Heimatkunde f\u00fcr Schule und Haus 1954\/55 Betriebswirtschaftliche und steuerliche Besonderheiten bei Konditoreien 1956 F\u00fchrer durch den Kreis Bersenbr\u00fcck 1960 Die Freiwillige Feuerwehr in Nortrup. Eine Festschrift zum 75j\u00e4hrigen Jubil\u00e4um im Jahr 1960 1962 Lebensbilder aus dem Osnabr\u00fccker Nordland 1963 Ein altes Heuerlingsgeschlecht 1964 Vergilbte Bl\u00e4tter. Aus Bramsches Vergangenheit &hellip; <\/p>\n<p class=\"link-more\"><a href=\"http:\/\/www.wernerdobelmannarchiv.de\/index.php\/monographien1\/\" class=\"more-link\"><span class=\"screen-reader-text\">\u201eMonographien\u201c<\/span> weiterlesen<\/a><\/p>\n","protected":false},"author":1,"featured_media":0,"parent":0,"menu_order":49,"comment_status":"closed","ping_status":"closed","template":"","meta":{"footnotes":""},"class_list":["post-12","page","type-page","status-publish","hentry"],"_links":{"self":[{"href":"http:\/\/www.wernerdobelmannarchiv.de\/index.php\/wp-json\/wp\/v2\/pages\/12","targetHints":{"allow":["GET"]}}],"collection":[{"href":"http:\/\/www.wernerdobelmannarchiv.de\/index.php\/wp-json\/wp\/v2\/pages"}],"about":[{"href":"http:\/\/www.wernerdobelmannarchiv.de\/index.php\/wp-json\/wp\/v2\/types\/page"}],"author":[{"embeddable":true,"href":"http:\/\/www.wernerdobelmannarchiv.de\/index.php\/wp-json\/wp\/v2\/users\/1"}],"replies":[{"embeddable":true,"href":"http:\/\/www.wernerdobelmannarchiv.de\/index.php\/wp-json\/wp\/v2\/comments?post=12"}],"version-history":[{"count":6,"href":"http:\/\/www.wernerdobelmannarchiv.de\/index.php\/wp-json\/wp\/v2\/pages\/12\/revisions"}],"predecessor-version":[{"id":1648,"href":"http:\/\/www.wernerdobelmannarchiv.de\/index.php\/wp-json\/wp\/v2\/pages\/12\/revisions\/1648"}],"wp:attachment":[{"href":"http:\/\/www.wernerdobelmannarchiv.de\/index.php\/wp-json\/wp\/v2\/media?parent=12"}],"curies":[{"name":"wp","href":"https:\/\/api.w.org\/{rel}","templated":true}]}}