{"id":114,"date":"2011-12-23T12:23:35","date_gmt":"2011-12-23T11:23:35","guid":{"rendered":"http:\/\/www.wernerdobelmannarchiv.de\/2011\/12\/23\/sagenkreis-1952\/"},"modified":"2017-09-07T20:49:09","modified_gmt":"2017-09-07T18:49:09","slug":"sagenkreis-1952","status":"publish","type":"page","link":"http:\/\/www.wernerdobelmannarchiv.de\/index.php\/sagenkreis-1952\/","title":{"rendered":"Sagenkreis 1952"},"content":{"rendered":"<h1>1952<\/h1>\n<p><a href=\"http:\/\/www.wernerdobelmannarchiv.de\/index.php\/die-drachenkuhle-im-wohld-bei-quakenbrueck\/\">Die Drachenkuhle im Wohld bei Quakenbr\u00fcck<\/a><\/p>\n<p><a href=\"http:\/\/www.wernerdobelmannarchiv.de\/index.php\/die-mohrenhand-auf-siemerings-hof-in-langen\/\">Die Mohrenhand auf Siemerings Hof in Langen<\/a><\/p>\n<p><a href=\"http:\/\/www.wernerdobelmannarchiv.de\/index.php\/die-schatzsucher-in-engelern\/\">Die Schatzsucher in Engelern<\/a><\/p>\n<p><a href=\"http:\/\/www.wernerdobelmannarchiv.de\/index.php\/das-heidegrab-in-hekese\/\">Das Heidegrab in Hekese<\/a><\/p>\n<p><a href=\"http:\/\/www.wernerdobelmannarchiv.de\/index.php\/der-hexenritt-aus-der-umgegend-von-ankum-erzaehlt-eine-sage\/\">Der Hexenritt. Aus der Umgegend von Ankum erz\u00e4hlt eine Sage<\/a><\/p>\n<p><a href=\"http:\/\/www.wernerdobelmannarchiv.de\/index.php\/die-nachtmaehren\/\">Die Nachtm\u00e4hren<\/a><\/p>\n<p><a href=\"http:\/\/www.wernerdobelmannarchiv.de\/index.php\/in-aslage-wohnte-eine-alte-frau\/\">In Aslage wohnte eine alte Frau<\/a><\/p>\n<p><a href=\"http:\/\/www.wernerdobelmannarchiv.de\/index.php\/bist-du-das-oder-bin-ich-das\/\">\u00bbBist du das, oder bin ich das?\u00ab<\/a><\/p>\n<p><a href=\"http:\/\/www.wernerdobelmannarchiv.de\/index.php\/der-riese-von-mimmelage\/\">Der Riese von Mimmelage<\/a><\/p>\n<p><a href=\"http:\/\/www.wernerdobelmannarchiv.de\/index.php\/die-gruendung-von-quakenbrueck\/\">Die Gr\u00fcndung von Quakenbr\u00fcck<\/a><\/p>\n<p><a href=\"http:\/\/www.wernerdobelmannarchiv.de\/index.php\/hexen-und-zauberer-im-ellerbrock\/\">Hexen und Zauberer im Ellerbrock<\/a><\/p>\n<p><a href=\"http:\/\/www.wernerdobelmannarchiv.de\/index.php\/die-saeule-im-hahnenmoor-was-die-sage-darueber-erzaehlt\/\">Die S\u00e4ule im Hahnenmoor. Was die Sage dar\u00fcber erz\u00e4hlt<\/a><\/p>\n<p><a href=\"http:\/\/www.wernerdobelmannarchiv.de\/index.php\/der-hilgenstieb\/\">Der Hilgenstieb<\/a><\/p>\n<p><a href=\"http:\/\/www.wernerdobelmannarchiv.de\/index.php\/der-teufel-an-der-muehlenbeeke\/\">Der Teufel an der M\u00fchlenbeeke<\/a><\/p>\n<p style=\"text-align: right;\">zur\u00fcck<\/p>\n","protected":false},"excerpt":{"rendered":"<p>1952 Die Drachenkuhle im Wohld bei Quakenbr\u00fcck Die Mohrenhand auf Siemerings Hof in Langen Die Schatzsucher in Engelern Das Heidegrab in Hekese Der Hexenritt. Aus der Umgegend von Ankum erz\u00e4hlt eine Sage Die Nachtm\u00e4hren In Aslage wohnte eine alte Frau \u00bbBist du das, oder bin ich das?\u00ab Der Riese von Mimmelage Die Gr\u00fcndung von Quakenbr\u00fcck &hellip; <\/p>\n<p class=\"link-more\"><a href=\"http:\/\/www.wernerdobelmannarchiv.de\/index.php\/sagenkreis-1952\/\" class=\"more-link\"><span class=\"screen-reader-text\">\u201eSagenkreis 1952\u201c<\/span> weiterlesen<\/a><\/p>\n","protected":false},"author":1,"featured_media":0,"parent":0,"menu_order":35,"comment_status":"open","ping_status":"open","template":"","meta":{"footnotes":""},"class_list":["post-114","page","type-page","status-publish","hentry"],"_links":{"self":[{"href":"http:\/\/www.wernerdobelmannarchiv.de\/index.php\/wp-json\/wp\/v2\/pages\/114","targetHints":{"allow":["GET"]}}],"collection":[{"href":"http:\/\/www.wernerdobelmannarchiv.de\/index.php\/wp-json\/wp\/v2\/pages"}],"about":[{"href":"http:\/\/www.wernerdobelmannarchiv.de\/index.php\/wp-json\/wp\/v2\/types\/page"}],"author":[{"embeddable":true,"href":"http:\/\/www.wernerdobelmannarchiv.de\/index.php\/wp-json\/wp\/v2\/users\/1"}],"replies":[{"embeddable":true,"href":"http:\/\/www.wernerdobelmannarchiv.de\/index.php\/wp-json\/wp\/v2\/comments?post=114"}],"version-history":[{"count":2,"href":"http:\/\/www.wernerdobelmannarchiv.de\/index.php\/wp-json\/wp\/v2\/pages\/114\/revisions"}],"predecessor-version":[{"id":1692,"href":"http:\/\/www.wernerdobelmannarchiv.de\/index.php\/wp-json\/wp\/v2\/pages\/114\/revisions\/1692"}],"wp:attachment":[{"href":"http:\/\/www.wernerdobelmannarchiv.de\/index.php\/wp-json\/wp\/v2\/media?parent=114"}],"curies":[{"name":"wp","href":"https:\/\/api.w.org\/{rel}","templated":true}]}}