{"id":113,"date":"2011-12-23T12:23:11","date_gmt":"2011-12-23T11:23:11","guid":{"rendered":"http:\/\/www.wernerdobelmannarchiv.de\/2011\/12\/23\/sagenkreis-1951\/"},"modified":"2017-09-07T20:49:09","modified_gmt":"2017-09-07T18:49:09","slug":"sagenkreis-1951","status":"publish","type":"page","link":"http:\/\/www.wernerdobelmannarchiv.de\/index.php\/sagenkreis-1951\/","title":{"rendered":"Sagenkreis 1951"},"content":{"rendered":"<h1>1951<\/h1>\n<p><a href=\"http:\/\/www.wernerdobelmannarchiv.de\/index.php\/was-der-volksmund-erzaehlt-das-geluebde\/\">Was der Volksmund erz\u00e4hlt: Das Gel\u00fcbde<\/a><\/p>\n<p style=\"text-align: right;\">zur\u00fcck<\/p>\n<p>\u00a0<\/p>\n","protected":false},"excerpt":{"rendered":"<p>1951 Was der Volksmund erz\u00e4hlt: Das Gel\u00fcbde zur\u00fcck \u00a0<\/p>\n","protected":false},"author":1,"featured_media":0,"parent":0,"menu_order":36,"comment_status":"open","ping_status":"open","template":"","meta":{"footnotes":""},"class_list":["post-113","page","type-page","status-publish","hentry"],"_links":{"self":[{"href":"http:\/\/www.wernerdobelmannarchiv.de\/index.php\/wp-json\/wp\/v2\/pages\/113","targetHints":{"allow":["GET"]}}],"collection":[{"href":"http:\/\/www.wernerdobelmannarchiv.de\/index.php\/wp-json\/wp\/v2\/pages"}],"about":[{"href":"http:\/\/www.wernerdobelmannarchiv.de\/index.php\/wp-json\/wp\/v2\/types\/page"}],"author":[{"embeddable":true,"href":"http:\/\/www.wernerdobelmannarchiv.de\/index.php\/wp-json\/wp\/v2\/users\/1"}],"replies":[{"embeddable":true,"href":"http:\/\/www.wernerdobelmannarchiv.de\/index.php\/wp-json\/wp\/v2\/comments?post=113"}],"version-history":[{"count":2,"href":"http:\/\/www.wernerdobelmannarchiv.de\/index.php\/wp-json\/wp\/v2\/pages\/113\/revisions"}],"predecessor-version":[{"id":1691,"href":"http:\/\/www.wernerdobelmannarchiv.de\/index.php\/wp-json\/wp\/v2\/pages\/113\/revisions\/1691"}],"wp:attachment":[{"href":"http:\/\/www.wernerdobelmannarchiv.de\/index.php\/wp-json\/wp\/v2\/media?parent=113"}],"curies":[{"name":"wp","href":"https:\/\/api.w.org\/{rel}","templated":true}]}}