{"id":112,"date":"2011-12-23T12:22:42","date_gmt":"2011-12-23T11:22:42","guid":{"rendered":"http:\/\/www.wernerdobelmannarchiv.de\/2011\/12\/23\/sagenkreis-1950\/"},"modified":"2017-09-07T20:49:09","modified_gmt":"2017-09-07T18:49:09","slug":"sagenkreis-1950","status":"publish","type":"page","link":"http:\/\/www.wernerdobelmannarchiv.de\/index.php\/sagenkreis-1950\/","title":{"rendered":"Sagenkreis 1950"},"content":{"rendered":"<h1>1950<\/h1>\n<p><a href=\"http:\/\/www.wernerdobelmannarchiv.de\/index.php\/seltsame-begebenheiten\/\">Seltsame Begebenheiten<\/a><\/p>\n<p><a href=\"http:\/\/www.wernerdobelmannarchiv.de\/index.php\/geheimnisvolle-staetten\/\">Geheimnisvolle St\u00e4tten<\/a><\/p>\n<p><a href=\"http:\/\/www.wernerdobelmannarchiv.de\/index.php\/sagen-aus-dem-kreis-bersenbrueck-unheimliche-teufels-und-diebesgeschichten\/\">Sagen aus dem Kreis Bersenbr\u00fcck. Unheimliche Teufels- und Diebesgeschichten<\/a><\/p>\n<p style=\"text-align: right;\">zur\u00fcck<\/p>\n","protected":false},"excerpt":{"rendered":"<p>1950 Seltsame Begebenheiten Geheimnisvolle St\u00e4tten Sagen aus dem Kreis Bersenbr\u00fcck. Unheimliche Teufels- und Diebesgeschichten zur\u00fcck<\/p>\n","protected":false},"author":1,"featured_media":0,"parent":0,"menu_order":46,"comment_status":"open","ping_status":"open","template":"","meta":{"footnotes":""},"class_list":["post-112","page","type-page","status-publish","hentry"],"_links":{"self":[{"href":"http:\/\/www.wernerdobelmannarchiv.de\/index.php\/wp-json\/wp\/v2\/pages\/112","targetHints":{"allow":["GET"]}}],"collection":[{"href":"http:\/\/www.wernerdobelmannarchiv.de\/index.php\/wp-json\/wp\/v2\/pages"}],"about":[{"href":"http:\/\/www.wernerdobelmannarchiv.de\/index.php\/wp-json\/wp\/v2\/types\/page"}],"author":[{"embeddable":true,"href":"http:\/\/www.wernerdobelmannarchiv.de\/index.php\/wp-json\/wp\/v2\/users\/1"}],"replies":[{"embeddable":true,"href":"http:\/\/www.wernerdobelmannarchiv.de\/index.php\/wp-json\/wp\/v2\/comments?post=112"}],"version-history":[{"count":2,"href":"http:\/\/www.wernerdobelmannarchiv.de\/index.php\/wp-json\/wp\/v2\/pages\/112\/revisions"}],"predecessor-version":[{"id":1690,"href":"http:\/\/www.wernerdobelmannarchiv.de\/index.php\/wp-json\/wp\/v2\/pages\/112\/revisions\/1690"}],"wp:attachment":[{"href":"http:\/\/www.wernerdobelmannarchiv.de\/index.php\/wp-json\/wp\/v2\/media?parent=112"}],"curies":[{"name":"wp","href":"https:\/\/api.w.org\/{rel}","templated":true}]}}