{"id":104,"date":"2011-12-23T11:51:39","date_gmt":"2011-12-23T10:51:39","guid":{"rendered":"http:\/\/www.wernerdobelmannarchiv.de\/2011\/12\/23\/die-saeule-im-hahnenmoor-was-die-sage-darueber-erzaehlt\/"},"modified":"2017-09-07T20:48:44","modified_gmt":"2017-09-07T18:48:44","slug":"die-saeule-im-hahnenmoor-was-die-sage-darueber-erzaehlt","status":"publish","type":"page","link":"http:\/\/www.wernerdobelmannarchiv.de\/index.php\/die-saeule-im-hahnenmoor-was-die-sage-darueber-erzaehlt\/","title":{"rendered":"Die S\u00e4ule im Hahnenmoor. Was die Sage dar\u00fcber erz\u00e4hlt"},"content":{"rendered":"<p>in: Am heimatlichen Herd \u2013 Heimatblatt 3 (1952), Nr. 11 (August 1952), p. 42<\/p>\n<p style=\"text-align: right;\">zur\u00fcck<\/p>\n","protected":false},"excerpt":{"rendered":"<p>in: Am heimatlichen Herd \u2013 Heimatblatt 3 (1952), Nr. 11 (August 1952), p. 42 zur\u00fcck<\/p>\n","protected":false},"author":1,"featured_media":0,"parent":0,"menu_order":49,"comment_status":"open","ping_status":"open","template":"","meta":{"footnotes":""},"class_list":["post-104","page","type-page","status-publish","hentry"],"_links":{"self":[{"href":"http:\/\/www.wernerdobelmannarchiv.de\/index.php\/wp-json\/wp\/v2\/pages\/104","targetHints":{"allow":["GET"]}}],"collection":[{"href":"http:\/\/www.wernerdobelmannarchiv.de\/index.php\/wp-json\/wp\/v2\/pages"}],"about":[{"href":"http:\/\/www.wernerdobelmannarchiv.de\/index.php\/wp-json\/wp\/v2\/types\/page"}],"author":[{"embeddable":true,"href":"http:\/\/www.wernerdobelmannarchiv.de\/index.php\/wp-json\/wp\/v2\/users\/1"}],"replies":[{"embeddable":true,"href":"http:\/\/www.wernerdobelmannarchiv.de\/index.php\/wp-json\/wp\/v2\/comments?post=104"}],"version-history":[{"count":2,"href":"http:\/\/www.wernerdobelmannarchiv.de\/index.php\/wp-json\/wp\/v2\/pages\/104\/revisions"}],"predecessor-version":[{"id":1664,"href":"http:\/\/www.wernerdobelmannarchiv.de\/index.php\/wp-json\/wp\/v2\/pages\/104\/revisions\/1664"}],"wp:attachment":[{"href":"http:\/\/www.wernerdobelmannarchiv.de\/index.php\/wp-json\/wp\/v2\/media?parent=104"}],"curies":[{"name":"wp","href":"https:\/\/api.w.org\/{rel}","templated":true}]}}